{"id":210,"date":"2015-10-26T06:36:48","date_gmt":"2015-10-26T05:36:48","guid":{"rendered":"http:\/\/badstudio-dreieich.de\/webseite2015\/?page_id=210"},"modified":"2022-02-03T14:28:43","modified_gmt":"2022-02-03T13:28:43","slug":"impressum","status":"publish","type":"page","link":"https:\/\/badstudio-dreieich.de\/webseite2015\/impressum\/","title":{"rendered":"Impressum"},"content":{"rendered":"<p>Badstudio Dreieich<br \/>\nInhaber: Friedrich K\u00f6nig<\/p>\n<p>\u00d6ffnungszeiten:<br \/>\nMontag \u2013 Freitag 10:00 \u2013 18:00 Uhr<br \/>\nSamstag 10:00 \u2013 13:00 Uhr<br \/>\noder nach Vereinbarung<\/p>\n<p>Frankfurter Str. 105<br \/>\n63303 Dreieich<\/p>\n<p>Telefon: 0 61 03 &#8211; 69 77 15<br \/>\nFax: &#8211; 0 61 03 &#8211; 69 77 17<\/p>\n<p>E-Mail: info(at)badstudio-dreieich.de<\/p>\n<p>Steuer-Nr.: 304538399 &#8211; Finanzamt 63225 Langen<\/p>\n<p>Quellenangaben f\u00fcr die verwendeten Bilder und Grafiken: (Badstudio Dreieich, <a href=\"http:\/\/shutterstock.com\/\" target=\"_blank\" rel=\"noopener\">shutterstock.com<\/a>)<\/p>\n<p>Webmaster: Alexander zur Nieden\u00a0\u2022 <a href=\"mailto:agentur@znp.de\">agentur@znp.de<\/a><br \/>\nzur Nieden &amp; Partner\u00a0\u2022 Webdesign\u00a0\/ Webhosting\u00a0\/ Webmarketing\u00a0\u2022 <a href=\"http:\/\/www.znp.de\">www.znp.de<\/a><\/p>\n<p>Haftungsausschluss<\/p>\n<p>Inhalt des Onlineangebotes<br \/>\nDas Badstudio Dreieich \u00fcbernimmt keinerlei Gew\u00e4hr f\u00fcr die Aktualit\u00e4t, Korrektheit, Vollst\u00e4ndigkeit oder Qualit\u00e4t der bereitgestellten Informationen. Haftungsanspr\u00fcche gegen Badstudio Dreieich, welche sich auf Sch\u00e4den materieller oder ideeller Art beziehen, die durch die Nutzung oder Nichtnutzung der dargebotenen Informationen bzw. durch die Nutzung fehlerhafter und unvollst\u00e4ndiger Informationen verursacht wurden sind grunds\u00e4tzlich ausgeschlossen, sofern seitens Badstudio Dreieich kein nachweislich vors\u00e4tzliches oder grob fahrl\u00e4ssiges Verschulden vorliegt. Alle Angebote sind freibleibend und unverbindlich. Badstudio Dreieich beh\u00e4lt es sich ausdr\u00fccklich vor, Teile der Seiten oder das gesamte Angebot ohne gesonderte Ank\u00fcndigung zu ver\u00e4ndern, zu erg\u00e4nzen, zu l\u00f6schen oder die Ver\u00f6ffentlichung zeitweise oder endg\u00fcltig einzustellen.<\/p>\n<p>Verweise und Links<br \/>\nBei direkten oder indirekten Verweisen auf fremde Internetseiten (\u201eLinks\u201c), die au\u00dferhalb des Verantwortungsbereiches von Badstudio Dreieich liegen, w\u00fcrde eine Haftungsverpflichtung ausschlie\u00dflich in dem Fall in Kraft treten, in dem Badstudio Dreieich von den Inhalten Kenntnis hat und es Badstudio Dreieich technisch m\u00f6glich und zumutbar w\u00e4re, die Nutzung im Falle rechtswidriger Inhalte zu verhindern. Badstudio Dreieich erkl\u00e4rt daher ausdr\u00fccklich, dass zum Zeitpunkt der Linksetzung die entsprechenden verlinkten Seiten frei von illegalen Inhalten waren. Badstudio Dreieich hat keinerlei Einfluss auf die aktuelle und zuk\u00fcnftige Gestaltung und auf die Inhalte der gelinkten\/verkn\u00fcpften Seiten. Deshalb distanziert Badstudio Dreieich sich hiermit ausdr\u00fccklich von allen Inhalten aller gelinkten\/verkn\u00fcpften Seiten, die nach der Linksetzung ver\u00e4ndert wurden. Diese Feststellung gilt f\u00fcr alle innerhalb des eigenen Internetangebotes gesetzten Links und Verweise sowie f\u00fcr Fremdeintr\u00e4ge in von Badstudio Dreieich eingerichteten G\u00e4steb\u00fcchern, Diskussionsforen und Mailinglisten. F\u00fcr illegale, fehlerhafte oder unvollst\u00e4ndige Inhalte und insbesondere f\u00fcr Sch\u00e4den, die aus der Nutzung oder Nichtnutzung solcherart dargebotener Informationen entstehen, haftet allein der Anbieter der Seite, auf welche verwiesen wurde, nicht derjenige, der \u00fcber Links auf die jeweilige Ver\u00f6ffentlichung lediglich verweist.<\/p>\n<p>Urheber- und Kennzeichenrecht<br \/>\nBadstudio Dreieich ist bestrebt, in allen Publikationen die Urheberrechte der verwendeten Grafiken, Tondokumente, Videosequenzen und Texte zu beachten, von Badstudio Dreieich selbst erstellte Grafiken, Tondokumente, Videosequenzen und Texte zu nutzen oder auf lizenzfreie Grafiken, Tondokumente, Videosequenzen und Texte zur\u00fcckzugreifen. Alle innerhalb des Internetangebotes genannten und ggf. durch Dritte gesch\u00fctzten Marken- und Warenzeichen unterliegen uneingeschr\u00e4nkt den Bestimmungen des jeweils g\u00fcltigen Kennzeichenrechts und den Besitzrechten der jeweiligen eingetragenen Eigent\u00fcmer. Allein aufgrund der blo\u00dfen Nennung ist nicht der Schluss zu ziehen, dass Markenzeichen nicht durch Rechte Dritter gesch\u00fctzt sind! Das Copyright f\u00fcr ver\u00f6ffentlichte, von Badstudio Dreieich selbst erstellte Objekte bleibt allein bei Badstudio Dreieich. Eine Vervielf\u00e4ltigung oder Verwendung solcher Grafiken, Tondokumente, Videosequenzen und Texte in anderen elektronischen oder gedruckten Publikationen ist ohne ausdr\u00fcckliche Zustimmung des Verlages nicht gestattet.<\/p>\n<p>Rechtswirksamkeit dieses Haftungsausschlusses<br \/>\nDieser Haftungsausschluss ist als Teil des Internetangebotes zu betrachten, von dem aus auf diese Seite verwiesen wurde. Sofern Teile oder einzelne Formulierungen dieses Textes der geltenden Rechtslage nicht, nicht mehr oder nicht vollst\u00e4ndig entsprechen sollten, bleiben die \u00fcbrigen Teile des Dokumentes in ihrem Inhalt und ihrer G\u00fcltigkeit davon unber\u00fchrt.<\/p>\n<p>Webanalysedienst Google Analytics<\/p>\n<p>Diese Website benutzt Google Analytics, einen Webanalysedienst der Google Inc. (\u201eGoogle\u201c). Google Analytics verwendet sog. \u201eCookies\u201c, Textdateien, die auf Ihrem Computer gespeichert werden und die eine Analyse der Benutzung der Website durch Sie erm\u00f6glichen. Die durch den Cookie erzeugten Informationen \u00fcber Ihre Benutzung dieser Website werden in der Regel an einen Server von Google in den USA \u00fcbertragen und dort gespeichert. Im Falle der Aktivierung der IP-Anonymisierung auf dieser Webseite, wird Ihre IP-Adresse von Google jedoch innerhalb von Mitgliedstaaten der Europ\u00e4ischen Union oder in anderen Vertragsstaaten des Abkommens \u00fcber den Europ\u00e4ischen Wirtschaftsraum zuvor gek\u00fcrzt. Nur in Ausnahmef\u00e4llen wird die volle IP-Adresse an einen Server von Google in den USA \u00fcbertragen und dort gek\u00fcrzt. Im Auftrag des Betreibers dieser Website wird Google diese Informationen benutzen, um Ihre Nutzung der Website auszuwerten, um Reports \u00fcber die Websiteaktivit\u00e4ten zusammenzustellen und um weitere mit der Websitenutzung und der Internetnutzung verbundene Dienstleistungen gegen\u00fcber dem Websitebetreiber zu erbringen. Die im Rahmen von Google Analytics von Ihrem Browser \u00fcbermittelte IP-Adresse wird nicht mit anderen Daten von Google zusammengef\u00fchrt. Sie k\u00f6nnen die Speicherung der Cookies durch eine entsprechende Einstellung Ihrer Browser-Software verhindern; wir weisen Sie jedoch darauf hin, dass Sie in diesem Fall gegebenenfalls nicht s\u00e4mtliche Funktionen dieser Website vollumf\u00e4nglich werden nutzen k\u00f6nnen.<\/p>\n<p>Sie k\u00f6nnen dar\u00fcber hinaus die Erfassung der durch das Cookie erzeugten und auf Ihre Nutzung der Website bezogenen Daten (inkl. Ihrer IP-Adresse) an Google sowie die Verarbeitung dieser Daten durch Google verhindern, indem sie das unter dem folgenden Link <a href=\"http:\/\/tools.google.com\/dlpage\/gaoptout?hl=de\" target=\"_blank\" rel=\"noopener\">http:\/\/tools.google.com\/dlpage\/gaoptout?hl=de<\/a> verf\u00fcgbare Browser-Plugin herunterladen und installieren.<br \/>\nSie k\u00f6nnen die Erfassung durch Google Analytics verhindern, indem Sie auf folgenden Link klicken. Es wird ein Opt-Out-Cookie gesetzt, der die zuk\u00fcnftige Erfassung Ihrer Daten beim Besuch dieser Website verhindert: Google Analytics ist aktiviert <a>Jetzt deaktivieren<\/a><br \/>\nN\u00e4here Informationen zu Nutzungsbedingungen und Datenschutz finden Sie unter <a href=\"http:\/\/www.google.com\/analytics\/terms\/de.html\" target=\"_blank\" rel=\"noopener\">www.google.com\/analytics\/terms\/de.html<\/a> bzw. unter <a href=\"https:\/\/www.google.de\/intl\/de\/policies\/\" target=\"_blank\" rel=\"noopener\">https:\/\/www.google.de\/intl\/de\/policies\/<\/a>. Wir weisen Sie darauf hin, dass auf dieser Website Google Analytics um den Code \u201egat._anonymizeIp();\u201c erweitert wurde, um eine anonymisierte Erfassung von IP-Adressen (sog. IP-Masking) zu gew\u00e4hrleisten. Wir nutzen Google Analytics zudem dazu, Daten aus AdWords und dem Double-Click-Cookie zu statistischen Zwecken auszuwerten. Sollten Sie dies nicht w\u00fcnschen, k\u00f6nnen Sie dies \u00fcber den Anzeigenvorgaben-Manager (<a href=\"http:\/\/www.google.com\/settings\/ads\/onweb\/?hl=de\" target=\"_blank\" rel=\"noopener\">http:\/\/www.google.com\/settings\/ads\/onweb\/?hl=de<\/a>) deaktivieren.<\/p>\n","protected":false},"excerpt":{"rendered":"<p>Badstudio Dreieich Inhaber: Friedrich K\u00f6nig \u00d6ffnungszeiten: Montag \u2013 Freitag 10:00 \u2013 18:00 Uhr Samstag 10:00 \u2013 13:00 Uhr oder nach Vereinbarung Frankfurter Str. 105 63303 Dreieich Telefon: 0 61 03 &#8211; 69 77 15 Fax: &#8211; 0 61 03 &#8211; 69 77 17 E-Mail: info(at)badstudio-dreieich.de Steuer-Nr.: 304538399 &#8211; Finanzamt 63225 Langen Quellenangaben f\u00fcr die verwendeten [&hellip;]<\/p>\n","protected":false},"author":1,"featured_media":135,"parent":0,"menu_order":0,"comment_status":"closed","ping_status":"closed","template":"","meta":[],"_links":{"self":[{"href":"https:\/\/badstudio-dreieich.de\/webseite2015\/wp-json\/wp\/v2\/pages\/210"}],"collection":[{"href":"https:\/\/badstudio-dreieich.de\/webseite2015\/wp-json\/wp\/v2\/pages"}],"about":[{"href":"https:\/\/badstudio-dreieich.de\/webseite2015\/wp-json\/wp\/v2\/types\/page"}],"author":[{"embeddable":true,"href":"https:\/\/badstudio-dreieich.de\/webseite2015\/wp-json\/wp\/v2\/users\/1"}],"replies":[{"embeddable":true,"href":"https:\/\/badstudio-dreieich.de\/webseite2015\/wp-json\/wp\/v2\/comments?post=210"}],"version-history":[{"count":9,"href":"https:\/\/badstudio-dreieich.de\/webseite2015\/wp-json\/wp\/v2\/pages\/210\/revisions"}],"predecessor-version":[{"id":335,"href":"https:\/\/badstudio-dreieich.de\/webseite2015\/wp-json\/wp\/v2\/pages\/210\/revisions\/335"}],"wp:featuredmedia":[{"embeddable":true,"href":"https:\/\/badstudio-dreieich.de\/webseite2015\/wp-json\/wp\/v2\/media\/135"}],"wp:attachment":[{"href":"https:\/\/badstudio-dreieich.de\/webseite2015\/wp-json\/wp\/v2\/media?parent=210"}],"curies":[{"name":"wp","href":"https:\/\/api.w.org\/{rel}","templated":true}]}}