{"id":2,"date":"2015-08-28T18:42:49","date_gmt":"2015-08-28T16:42:49","guid":{"rendered":"http:\/\/badstudio-dreieich.de\/webseite2015\/?page_id=2"},"modified":"2022-03-31T11:44:46","modified_gmt":"2022-03-31T09:44:46","slug":"beispiel-seite","status":"publish","type":"page","link":"https:\/\/badstudio-dreieich.de\/webseite2015\/","title":{"rendered":"Genau mein Bad"},"content":{"rendered":"<div class=\"seitenbreite\">\n<p>&nbsp;<\/p>\n<div id=\"badstudio-team\">\n<h2>Alles aus einer Hand<\/h2>\n<p>Seit mehr als 20 Jahren beraten wir unsere Kunden, planen die unterschiedlichsten B\u00e4der und bauen diese fachgerecht ein. Dabei ist es uns besonders wichtig, Ihnen, als Kunde, stets ein guter Ansprechpartner zu sein &#8211; und das nicht nur bei Ihrer Kaufentscheidung.<br \/>\nDurch unsere langj\u00e4hrige Erfahrung haben wir viele verschiedene Kundenbed\u00fcrfnisse kennengelernt und zum Teil herausfordernde Raumsituationen vorgefunden. Dennoch, oder gerade deshalb, sind wir \u00fcberzeugt, dass es f\u00fcr jeden Raum die perfekte Badl\u00f6sung und f\u00fcr jeden Menschen, den \u201eGenau mein Bad\u201c-Moment gibt.<\/p>\n<\/div>\n<div id=\"badstudio-lieferanten\">\n<h2>Lieferanten<\/h2>\n<p>Wir arbeiten ausschlie\u00dflich mit namhaften Herstellern zusammen, deren Produkte qualitativ hochwertig und langlebig sind \u2013 f\u00fcr Ihren dauerhaften \u201eGenau mein Bad\u201c-Moment.<\/p>\n<\/div>\n<p class=\"clear\">\n<\/div>\n","protected":false},"excerpt":{"rendered":"<p>&nbsp; Alles aus einer Hand Seit mehr als 20 Jahren beraten wir unsere Kunden, planen die unterschiedlichsten B\u00e4der und bauen diese fachgerecht ein. Dabei ist es uns besonders wichtig, Ihnen, als Kunde, stets ein guter Ansprechpartner zu sein &#8211; und das nicht nur bei Ihrer Kaufentscheidung. Durch unsere langj\u00e4hrige Erfahrung haben wir viele verschiedene Kundenbed\u00fcrfnisse [&hellip;]<\/p>\n","protected":false},"author":1,"featured_media":327,"parent":0,"menu_order":0,"comment_status":"closed","ping_status":"closed","template":"index-start.php","meta":[],"_links":{"self":[{"href":"https:\/\/badstudio-dreieich.de\/webseite2015\/wp-json\/wp\/v2\/pages\/2"}],"collection":[{"href":"https:\/\/badstudio-dreieich.de\/webseite2015\/wp-json\/wp\/v2\/pages"}],"about":[{"href":"https:\/\/badstudio-dreieich.de\/webseite2015\/wp-json\/wp\/v2\/types\/page"}],"author":[{"embeddable":true,"href":"https:\/\/badstudio-dreieich.de\/webseite2015\/wp-json\/wp\/v2\/users\/1"}],"replies":[{"embeddable":true,"href":"https:\/\/badstudio-dreieich.de\/webseite2015\/wp-json\/wp\/v2\/comments?post=2"}],"version-history":[{"count":27,"href":"https:\/\/badstudio-dreieich.de\/webseite2015\/wp-json\/wp\/v2\/pages\/2\/revisions"}],"predecessor-version":[{"id":331,"href":"https:\/\/badstudio-dreieich.de\/webseite2015\/wp-json\/wp\/v2\/pages\/2\/revisions\/331"}],"wp:featuredmedia":[{"embeddable":true,"href":"https:\/\/badstudio-dreieich.de\/webseite2015\/wp-json\/wp\/v2\/media\/327"}],"wp:attachment":[{"href":"https:\/\/badstudio-dreieich.de\/webseite2015\/wp-json\/wp\/v2\/media?parent=2"}],"curies":[{"name":"wp","href":"https:\/\/api.w.org\/{rel}","templated":true}]}}